{"id":82,"date":"2025-09-02T12:49:28","date_gmt":"2025-09-02T12:49:28","guid":{"rendered":"https:\/\/micasuseguranca.com\/?page_id=82"},"modified":"2025-10-10T10:19:06","modified_gmt":"2025-10-10T10:19:06","slug":"alarmes","status":"publish","type":"page","link":"https:\/\/micasuseguranca.com\/en\/alarmes\/","title":{"rendered":"Alarmes"},"content":{"rendered":"<div data-elementor-type=\"wp-page\" data-elementor-id=\"82\" class=\"elementor elementor-82\">\n\t\t\t\t<div class=\"elementor-element elementor-element-90c316f e-flex e-con-boxed jltma-glass-effect-no e-con e-parent\" data-id=\"90c316f\" data-element_type=\"container\" data-e-type=\"container\">\n\t\t\t\t\t<div class=\"e-con-inner\">\n\t\t<div class=\"elementor-element elementor-element-8168f21 e-con-full e-flex jltma-glass-effect-no e-con e-child\" data-id=\"8168f21\" data-element_type=\"container\" data-e-type=\"container\">\n\t\t\t\t<div class=\"elementor-element elementor-element-1179593 jltma-glass-effect-no elementor-widget elementor-widget-heading\" data-id=\"1179593\" data-element_type=\"widget\" data-e-type=\"widget\" data-widget_type=\"heading.default\">\n\t\t\t\t\t<h2 class=\"elementor-heading-title elementor-size-default\">Alarmes<\/h2>\t\t\t\t<\/div>\n\t\t\t\t<div class=\"elementor-element elementor-element-68bc94c jltma-glass-effect-no elementor-widget elementor-widget-image\" data-id=\"68bc94c\" data-element_type=\"widget\" data-e-type=\"widget\" data-widget_type=\"image.default\">\n\t\t\t\t\t\t\t\t\t\t\t\t\t\t\t<img fetchpriority=\"high\" decoding=\"async\" width=\"800\" height=\"265\" src=\"https:\/\/micasuseguranca.com\/wp-content\/uploads\/2025\/10\/Picture12342-1.png\" class=\"attachment-large size-large wp-image-1429\" alt=\"\" srcset=\"https:\/\/micasuseguranca.com\/wp-content\/uploads\/2025\/10\/Picture12342-1.png 806w, https:\/\/micasuseguranca.com\/wp-content\/uploads\/2025\/10\/Picture12342-1-300x99.png 300w, https:\/\/micasuseguranca.com\/wp-content\/uploads\/2025\/10\/Picture12342-1-768x254.png 768w, https:\/\/micasuseguranca.com\/wp-content\/uploads\/2025\/10\/Picture12342-1-18x6.png 18w, https:\/\/micasuseguranca.com\/wp-content\/uploads\/2025\/10\/Picture12342-1-200x66.png 200w\" sizes=\"(max-width: 800px) 100vw, 800px\" \/>\t\t\t\t\t\t\t\t\t\t\t\t\t\t\t<\/div>\n\t\t\t\t<div class=\"elementor-element elementor-element-bcdaa63 jltma-glass-effect-no elementor-widget elementor-widget-text-editor\" data-id=\"bcdaa63\" data-element_type=\"widget\" data-e-type=\"widget\" data-widget_type=\"text-editor.default\">\n\t\t\t\t\t\t\t\t\t<p>Escolha a melhor op\u00e7\u00e3o de alarmes para a sua resid\u00eancia, empresa ou evento\u2026<\/p>\t\t\t\t\t\t\t\t<\/div>\n\t\t\t\t<div class=\"elementor-element elementor-element-2fefc9d jltma-glass-effect-no elementor-widget elementor-widget-heading\" data-id=\"2fefc9d\" data-element_type=\"widget\" data-e-type=\"widget\" data-widget_type=\"heading.default\">\n\t\t\t\t\t<h2 class=\"elementor-heading-title elementor-size-default\">Sistema de alarme<\/h2>\t\t\t\t<\/div>\n\t\t\t\t<div class=\"elementor-element elementor-element-f6dfc85 jltma-glass-effect-no elementor-widget elementor-widget-text-editor\" data-id=\"f6dfc85\" data-element_type=\"widget\" data-e-type=\"widget\" data-widget_type=\"text-editor.default\">\n\t\t\t\t\t\t\t\t\t<p>O Ajax \u00e9 inteligente, fi\u00e1vel e ultra-r\u00e1pido. Reage apenas a perigos reais, n\u00e3o a falsos alarmes. Se alguma coisa acontecer, o Ajax notifica o utilizador num piscar de olhos e ajuda a evitar grandes problemas.<\/p>\t\t\t\t\t\t\t\t<\/div>\n\t\t\t\t<div class=\"elementor-element elementor-element-619de03 elementor-icon-list--layout-traditional elementor-list-item-link-full_width jltma-glass-effect-no elementor-widget elementor-widget-icon-list\" data-id=\"619de03\" data-element_type=\"widget\" data-e-type=\"widget\" data-widget_type=\"icon-list.default\">\n\t\t\t\t\t\t\t<ul class=\"elementor-icon-list-items\">\n\t\t\t\t\t\t\t<li class=\"elementor-icon-list-item\">\n\t\t\t\t\t\t\t\t\t\t\t<span class=\"elementor-icon-list-icon\">\n\t\t\t\t\t\t\t<svg aria-hidden=\"true\" class=\"e-font-icon-svg e-fas-check\" viewbox=\"0 0 512 512\" xmlns=\"http:\/\/www.w3.org\/2000\/svg\"><path d=\"M173.898 439.404l-166.4-166.4c-9.997-9.997-9.997-26.206 0-36.204l36.203-36.204c9.997-9.998 26.207-9.998 36.204 0L192 312.69 432.095 72.596c9.997-9.997 26.207-9.997 36.204 0l36.203 36.204c9.997 9.997 9.997 26.206 0 36.204l-294.4 294.401c-9.998 9.997-26.207 9.997-36.204-.001z\"><\/path><\/svg>\t\t\t\t\t\t<\/span>\n\t\t\t\t\t\t\t\t\t\t<span class=\"elementor-icon-list-text\">Modo de prote\u00e7\u00e3o inteligente;<\/span>\n\t\t\t\t\t\t\t\t\t<\/li>\n\t\t\t\t\t\t\t\t<li class=\"elementor-icon-list-item\">\n\t\t\t\t\t\t\t\t\t\t\t<span class=\"elementor-icon-list-icon\">\n\t\t\t\t\t\t\t<svg aria-hidden=\"true\" class=\"e-font-icon-svg e-fas-check\" viewbox=\"0 0 512 512\" xmlns=\"http:\/\/www.w3.org\/2000\/svg\"><path d=\"M173.898 439.404l-166.4-166.4c-9.997-9.997-9.997-26.206 0-36.204l36.203-36.204c9.997-9.998 26.207-9.998 36.204 0L192 312.69 432.095 72.596c9.997-9.997 26.207-9.997 36.204 0l36.203 36.204c9.997 9.997 9.997 26.206 0 36.204l-294.4 294.401c-9.998 9.997-26.207 9.997-36.204-.001z\"><\/path><\/svg>\t\t\t\t\t\t<\/span>\n\t\t\t\t\t\t\t\t\t\t<span class=\"elementor-icon-list-text\">Modo de prote\u00e7\u00e3o totalmente independente;<\/span>\n\t\t\t\t\t\t\t\t\t<\/li>\n\t\t\t\t\t\t\t\t<li class=\"elementor-icon-list-item\">\n\t\t\t\t\t\t\t\t\t\t\t<span class=\"elementor-icon-list-icon\">\n\t\t\t\t\t\t\t<svg aria-hidden=\"true\" class=\"e-font-icon-svg e-fas-check\" viewbox=\"0 0 512 512\" xmlns=\"http:\/\/www.w3.org\/2000\/svg\"><path d=\"M173.898 439.404l-166.4-166.4c-9.997-9.997-9.997-26.206 0-36.204l36.203-36.204c9.997-9.998 26.207-9.998 36.204 0L192 312.69 432.095 72.596c9.997-9.997 26.207-9.997 36.204 0l36.203 36.204c9.997 9.997 9.997 26.206 0 36.204l-294.4 294.401c-9.998 9.997-26.207 9.997-36.204-.001z\"><\/path><\/svg>\t\t\t\t\t\t<\/span>\n\t\t\t\t\t\t\t\t\t\t<span class=\"elementor-icon-list-text\">Modo de prote\u00e7\u00e3o profissional;<\/span>\n\t\t\t\t\t\t\t\t\t<\/li>\n\t\t\t\t\t\t<\/ul>\n\t\t\t\t\t\t<\/div>\n\t\t\t\t<div class=\"elementor-element elementor-element-68be078 jltma-glass-effect-no elementor-widget elementor-widget-image\" data-id=\"68be078\" data-element_type=\"widget\" data-e-type=\"widget\" data-widget_type=\"image.default\">\n\t\t\t\t\t\t\t\t\t\t\t\t\t\t\t<img decoding=\"async\" width=\"800\" height=\"449\" src=\"https:\/\/micasuseguranca.com\/wp-content\/uploads\/2025\/10\/667933889672384512-3-1024x575.gif\" class=\"attachment-large size-large wp-image-1393\" alt=\"\" srcset=\"https:\/\/micasuseguranca.com\/wp-content\/uploads\/2025\/10\/667933889672384512-3-1024x575.gif 1024w, https:\/\/micasuseguranca.com\/wp-content\/uploads\/2025\/10\/667933889672384512-3-300x169.gif 300w, https:\/\/micasuseguranca.com\/wp-content\/uploads\/2025\/10\/667933889672384512-3-768x431.gif 768w, https:\/\/micasuseguranca.com\/wp-content\/uploads\/2025\/10\/667933889672384512-3-18x10.gif 18w, https:\/\/micasuseguranca.com\/wp-content\/uploads\/2025\/10\/667933889672384512-3-200x112.gif 200w\" sizes=\"(max-width: 800px) 100vw, 800px\" \/>\t\t\t\t\t\t\t\t\t\t\t\t\t\t\t<\/div>\n\t\t\t\t<div class=\"elementor-element elementor-element-fad8a7d jltma-glass-effect-no elementor-widget elementor-widget-heading\" data-id=\"fad8a7d\" data-element_type=\"widget\" data-e-type=\"widget\" data-widget_type=\"heading.default\">\n\t\t\t\t\t<h2 class=\"elementor-heading-title elementor-size-default\">Para casa e escrit\u00f3rio ou ambientes de neg\u00f3cios, apresentamos um pre\u00e7o acess\u00edvel.\nA sua aplica\u00e7\u00e3o poder\u00e1 servir para os mais variados sectores de mercado.<\/h2>\t\t\t\t<\/div>\n\t\t\t\t<\/div>\n\t\t<div class=\"elementor-element elementor-element-d32b75c e-con-full e-flex jltma-glass-effect-no e-con e-child\" data-id=\"d32b75c\" data-element_type=\"container\" data-e-type=\"container\">\n\t\t<div class=\"elementor-element elementor-element-4472162 e-con-full e-flex jltma-glass-effect-no e-con e-child\" data-id=\"4472162\" data-element_type=\"container\" data-e-type=\"container\">\n\t\t<div class=\"elementor-element elementor-element-b605b1f e-con-full e-flex jltma-glass-effect-no e-con e-child\" data-id=\"b605b1f\" data-element_type=\"container\" data-e-type=\"container\">\n\t\t\t\t<div class=\"elementor-element elementor-element-fb89c9f jltma-glass-effect-no elementor-widget elementor-widget-image\" data-id=\"fb89c9f\" data-element_type=\"widget\" data-e-type=\"widget\" data-widget_type=\"image.default\">\n\t\t\t\t\t\t\t\t\t\t\t\t\t\t\t<img decoding=\"async\" width=\"1024\" height=\"602\" src=\"https:\/\/micasuseguranca.com\/wp-content\/uploads\/2025\/10\/house-1-scaled-2-1024x602-1.jpg\" class=\"attachment-full size-full wp-image-1397\" alt=\"\" srcset=\"https:\/\/micasuseguranca.com\/wp-content\/uploads\/2025\/10\/house-1-scaled-2-1024x602-1.jpg 1024w, https:\/\/micasuseguranca.com\/wp-content\/uploads\/2025\/10\/house-1-scaled-2-1024x602-1-300x176.jpg 300w, https:\/\/micasuseguranca.com\/wp-content\/uploads\/2025\/10\/house-1-scaled-2-1024x602-1-768x452.jpg 768w, https:\/\/micasuseguranca.com\/wp-content\/uploads\/2025\/10\/house-1-scaled-2-1024x602-1-18x12.jpg 18w, https:\/\/micasuseguranca.com\/wp-content\/uploads\/2025\/10\/house-1-scaled-2-1024x602-1-200x118.jpg 200w\" sizes=\"(max-width: 1024px) 100vw, 1024px\" \/>\t\t\t\t\t\t\t\t\t\t\t\t\t\t\t<\/div>\n\t\t\t\t<\/div>\n\t\t<div class=\"elementor-element elementor-element-eee8b41 e-con-full e-flex jltma-glass-effect-no e-con e-child\" data-id=\"eee8b41\" data-element_type=\"container\" data-e-type=\"container\">\n\t\t\t\t<div class=\"elementor-element elementor-element-1d32b78 jltma-glass-effect-no elementor-widget elementor-widget-image\" data-id=\"1d32b78\" data-element_type=\"widget\" data-e-type=\"widget\" data-widget_type=\"image.default\">\n\t\t\t\t\t\t\t\t\t\t\t\t\t\t\t<img loading=\"lazy\" decoding=\"async\" width=\"800\" height=\"610\" src=\"https:\/\/micasuseguranca.com\/wp-content\/uploads\/2025\/10\/ajax-range-expansion-1.gif\" class=\"attachment-large size-large wp-image-1398\" alt=\"\" \/>\t\t\t\t\t\t\t\t\t\t\t\t\t\t\t<\/div>\n\t\t\t\t<\/div>\n\t\t\t\t<\/div>\n\t\t\t\t<div class=\"elementor-element elementor-element-fc539a1 jltma-glass-effect-no elementor-widget elementor-widget-image\" data-id=\"fc539a1\" data-element_type=\"widget\" data-e-type=\"widget\" data-widget_type=\"image.default\">\n\t\t\t\t\t\t\t\t\t\t\t\t\t\t\t<img loading=\"lazy\" decoding=\"async\" width=\"800\" height=\"605\" src=\"https:\/\/micasuseguranca.com\/wp-content\/uploads\/2025\/10\/3d-waves-1-3-1024x775-1.gif\" class=\"attachment-large size-large wp-image-1402\" alt=\"\" \/>\t\t\t\t\t\t\t\t\t\t\t\t\t\t\t<\/div>\n\t\t\t\t<div class=\"elementor-element elementor-element-91849d3 jltma-glass-effect-no elementor-widget elementor-widget-heading\" data-id=\"91849d3\" data-element_type=\"widget\" data-e-type=\"widget\" data-widget_type=\"heading.default\">\n\t\t\t\t\t<h2 class=\"elementor-heading-title elementor-size-default\">Responde a inc\u00eandios, \u00e1gua e visitas indesejadas<\/h2>\t\t\t\t<\/div>\n\t\t\t\t<div class=\"elementor-element elementor-element-dfc4aab jltma-glass-effect-no elementor-widget elementor-widget-text-editor\" data-id=\"dfc4aab\" data-element_type=\"widget\" data-e-type=\"widget\" data-widget_type=\"text-editor.default\">\n\t\t\t\t\t\t\t\t\t<p>O Ajax n\u00e3o se limita a uma tarefa. Em vez disso, desempenha tr\u00eas de uma s\u00f3 vez. O sistema alerta imediatamente os utilizadores se detetar uma intrus\u00e3o, fumo ou inunda\u00e7\u00e3o, sendo ainda compat\u00edvel com c\u00e2maras de vigil\u00e2ncia de terceiros. Tudo isto faz do Ajax um centro de seguran\u00e7a \u00fanico.<\/p>\t\t\t\t\t\t\t\t<\/div>\n\t\t\t\t<div class=\"elementor-element elementor-element-4f7495f elementor-icon-list--layout-traditional elementor-list-item-link-full_width jltma-glass-effect-no elementor-widget elementor-widget-icon-list\" data-id=\"4f7495f\" data-element_type=\"widget\" data-e-type=\"widget\" data-widget_type=\"icon-list.default\">\n\t\t\t\t\t\t\t<ul class=\"elementor-icon-list-items\">\n\t\t\t\t\t\t\t<li class=\"elementor-icon-list-item\">\n\t\t\t\t\t\t\t\t\t\t\t<span class=\"elementor-icon-list-icon\">\n\t\t\t\t\t\t\t<svg aria-hidden=\"true\" class=\"e-font-icon-svg e-fas-check\" viewbox=\"0 0 512 512\" xmlns=\"http:\/\/www.w3.org\/2000\/svg\"><path d=\"M173.898 439.404l-166.4-166.4c-9.997-9.997-9.997-26.206 0-36.204l36.203-36.204c9.997-9.998 26.207-9.998 36.204 0L192 312.69 432.095 72.596c9.997-9.997 26.207-9.997 36.204 0l36.203 36.204c9.997 9.997 9.997 26.206 0 36.204l-294.4 294.401c-9.998 9.997-26.207 9.997-36.204-.001z\"><\/path><\/svg>\t\t\t\t\t\t<\/span>\n\t\t\t\t\t\t\t\t\t\t<span class=\"elementor-icon-list-text\">Protege os pontos de entrada e monitoriza as janelas;<\/span>\n\t\t\t\t\t\t\t\t\t<\/li>\n\t\t\t\t\t\t\t\t<li class=\"elementor-icon-list-item\">\n\t\t\t\t\t\t\t\t\t\t\t<span class=\"elementor-icon-list-icon\">\n\t\t\t\t\t\t\t<svg aria-hidden=\"true\" class=\"e-font-icon-svg e-fas-check\" viewbox=\"0 0 512 512\" xmlns=\"http:\/\/www.w3.org\/2000\/svg\"><path d=\"M173.898 439.404l-166.4-166.4c-9.997-9.997-9.997-26.206 0-36.204l36.203-36.204c9.997-9.998 26.207-9.998 36.204 0L192 312.69 432.095 72.596c9.997-9.997 26.207-9.997 36.204 0l36.203 36.204c9.997 9.997 9.997 26.206 0 36.204l-294.4 294.401c-9.998 9.997-26.207 9.997-36.204-.001z\"><\/path><\/svg>\t\t\t\t\t\t<\/span>\n\t\t\t\t\t\t\t\t\t\t<span class=\"elementor-icon-list-text\">ProtegTransmite v\u00eddeo de vigil\u00e2ncia da c\u00e2mara IP para o seu smartphone;<\/span>\n\t\t\t\t\t\t\t\t\t<\/li>\n\t\t\t\t\t\t\t\t<li class=\"elementor-icon-list-item\">\n\t\t\t\t\t\t\t\t\t\t\t<span class=\"elementor-icon-list-icon\">\n\t\t\t\t\t\t\t<svg aria-hidden=\"true\" class=\"e-font-icon-svg e-fas-check\" viewbox=\"0 0 512 512\" xmlns=\"http:\/\/www.w3.org\/2000\/svg\"><path d=\"M173.898 439.404l-166.4-166.4c-9.997-9.997-9.997-26.206 0-36.204l36.203-36.204c9.997-9.998 26.207-9.998 36.204 0L192 312.69 432.095 72.596c9.997-9.997 26.207-9.997 36.204 0l36.203 36.204c9.997 9.997 9.997 26.206 0 36.204l-294.4 294.401c-9.998 9.997-26.207 9.997-36.204-.001z\"><\/path><\/svg>\t\t\t\t\t\t<\/span>\n\t\t\t\t\t\t\t\t\t\t<span class=\"elementor-icon-list-text\">Previne inc\u00eandios e intoxica\u00e7\u00e3o por mon\u00f3xido de carbono;<\/span>\n\t\t\t\t\t\t\t\t\t<\/li>\n\t\t\t\t\t\t<\/ul>\n\t\t\t\t\t\t<\/div>\n\t\t\t\t<\/div>\n\t\t\t\t\t<\/div>\n\t\t\t\t<\/div>\n\t\t<div class=\"elementor-element elementor-element-79f5b73 e-flex e-con-boxed jltma-glass-effect-no e-con e-parent\" data-id=\"79f5b73\" data-element_type=\"container\" data-e-type=\"container\" data-settings=\"{&quot;background_background&quot;:&quot;classic&quot;}\">\n\t\t\t\t\t<div class=\"e-con-inner\">\n\t\t<div class=\"elementor-element elementor-element-73f9f170 e-con-full e-flex jltma-glass-effect-no e-con e-child\" data-id=\"73f9f170\" data-element_type=\"container\" data-e-type=\"container\">\n\t\t\t\t<div class=\"elementor-element elementor-element-5e9e523a jltma-glass-effect-no elementor-widget elementor-widget-elementskit-heading\" data-id=\"5e9e523a\" data-element_type=\"widget\" data-e-type=\"widget\" data-widget_type=\"elementskit-heading.default\">\n\t\t\t\t\t<div class=\"ekit-wid-con\" ><div class=\"ekit-heading elementskit-section-title-wraper text_left   ekit_heading_tablet-   ekit_heading_mobile-text_center\"><span class=\"elementskit-section-subtitle  elementskit-style-border\">\n\t\t\t\t\t\tSaiba um mais sobre CCTV Alarmes \n\t\t\t\t\t<\/span><h2 class=\"ekit-heading--title elementskit-section-title\">Especializada em solu\u00e7\u00f5es de seguran\u00e7a patrimonial, oferecendo servi\u00e7os altamente qualificados, incluindo sistemas de alarmes.<\/h2><\/div><\/div>\t\t\t\t<\/div>\n\t\t\t\t<div class=\"elementor-element elementor-element-37ca364 jltma-glass-effect-no elementor-widget elementor-widget-spacer\" data-id=\"37ca364\" data-element_type=\"widget\" data-e-type=\"widget\" data-widget_type=\"spacer.default\">\n\t\t\t\t\t\t\t<div class=\"elementor-spacer\">\n\t\t\t<div class=\"elementor-spacer-inner\"><\/div>\n\t\t<\/div>\n\t\t\t\t\t\t<\/div>\n\t\t\t\t<div class=\"elementor-element elementor-element-192d9265 jltma-glass-effect-no elementor-widget elementor-widget-text-editor\" data-id=\"192d9265\" data-element_type=\"widget\" data-e-type=\"widget\" data-widget_type=\"text-editor.default\">\n\t\t\t\t\t\t\t\t\t<p>CCTV E ALARMES<\/p>\t\t\t\t\t\t\t\t<\/div>\n\t\t\t\t<div class=\"elementor-element elementor-element-3e2e5946 jltma-glass-effect-no elementor-widget elementor-widget-text-editor\" data-id=\"3e2e5946\" data-element_type=\"widget\" data-e-type=\"widget\" data-widget_type=\"text-editor.default\">\n\t\t\t\t\t\t\t\t\t<p>O servi\u00e7o de monitoriza\u00e7\u00e3o de alarmes consiste na supervis\u00e3o em tempo real das instala\u00e7\u00f5es do Cliente pela Central de Monitoriza\u00e7\u00e3o da MICASU Seguran\u00e7a. Permite detetar intrus\u00f5es ou situa\u00e7\u00f5es de risco de forma imediata, acionando os procedimentos de resposta adequados para garantir a m\u00e1xima prote\u00e7\u00e3o.<\/p>\t\t\t\t\t\t\t\t<\/div>\n\t\t<div class=\"elementor-element elementor-element-2aa9003a e-con-full e-flex jltma-glass-effect-no e-con e-child\" data-id=\"2aa9003a\" data-element_type=\"container\" data-e-type=\"container\" data-settings=\"{&quot;background_background&quot;:&quot;classic&quot;}\">\n\t\t\t\t<div class=\"elementor-element elementor-element-748d0fca jltma-glass-effect-no elementor-widget elementor-widget-text-editor\" data-id=\"748d0fca\" data-element_type=\"widget\" data-e-type=\"widget\" data-widget_type=\"text-editor.default\">\n\t\t\t\t\t\t\t\t\t<p>AUTOMATIZA\u00c7\u00c3O<\/p>\t\t\t\t\t\t\t\t<\/div>\n\t\t\t\t<div class=\"elementor-element elementor-element-7af45594 jltma-glass-effect-no elementor-widget elementor-widget-text-editor\" data-id=\"7af45594\" data-element_type=\"widget\" data-e-type=\"widget\" data-widget_type=\"text-editor.default\">\n\t\t\t\t\t\t\t\t\t<p>Garantir a prote\u00e7\u00e3o contra potencial intrus\u00e3o e oferecer solu\u00e7\u00f5es que abrangem a seguran\u00e7a, conforto, videovigil\u00e2ncia, dete\u00e7\u00e3o de inc\u00eandios e preven\u00e7\u00e3o de fugas de \u00e1gua.<\/p>\t\t\t\t\t\t\t\t<\/div>\n\t\t\t\t<div class=\"elementor-element elementor-element-4cbaa84 jltma-glass-effect-no elementor-widget elementor-widget-spacer\" data-id=\"4cbaa84\" data-element_type=\"widget\" data-e-type=\"widget\" data-widget_type=\"spacer.default\">\n\t\t\t\t\t\t\t<div class=\"elementor-spacer\">\n\t\t\t<div class=\"elementor-spacer-inner\"><\/div>\n\t\t<\/div>\n\t\t\t\t\t\t<\/div>\n\t\t\t\t<div class=\"elementor-element elementor-element-75f5d078 elementor-align-right elementor-align--mobilecenter elementor-widget-tablet__width-inherit elementor-widget-mobile__width-auto jltma-glass-effect-no elementor-widget elementor-widget-elementskit-button\" data-id=\"75f5d078\" data-element_type=\"widget\" data-e-type=\"widget\" data-widget_type=\"elementskit-button.default\">\n\t\t\t\t\t<div class=\"ekit-wid-con\" >\t\t<div class=\"ekit-btn-wraper\">\n\t\t\t\t\t\t\t<a href=\"https:\/\/micasuseguranca.com\/en\/contatos\/\" class=\"elementskit-btn  whitespace--normal\" id=\"\">\n\t\t\t\t\tEntre em contacto!<i class=\"fasicon icon-right-arrow\"><\/i>\t\t\t\t<\/a>\n\t\t\t\t\t<\/div>\n        <\/div>\t\t\t\t<\/div>\n\t\t\t\t<div class=\"elementor-element elementor-element-b854e21 jltma-glass-effect-no elementor-widget elementor-widget-spacer\" data-id=\"b854e21\" data-element_type=\"widget\" data-e-type=\"widget\" data-widget_type=\"spacer.default\">\n\t\t\t\t\t\t\t<div class=\"elementor-spacer\">\n\t\t\t<div class=\"elementor-spacer-inner\"><\/div>\n\t\t<\/div>\n\t\t\t\t\t\t<\/div>\n\t\t\t\t<\/div>\n\t\t\t\t<\/div>\n\t\t<div class=\"elementor-element elementor-element-5b1de843 e-con-full e-flex jltma-glass-effect-no e-con e-child\" data-id=\"5b1de843\" data-element_type=\"container\" data-e-type=\"container\" data-settings=\"{&quot;background_background&quot;:&quot;classic&quot;}\">\n\t\t\t\t<div class=\"elementor-element elementor-element-cfc3511 jltma-glass-effect-no elementor-widget elementor-widget-spacer\" data-id=\"cfc3511\" data-element_type=\"widget\" data-e-type=\"widget\" data-widget_type=\"spacer.default\">\n\t\t\t\t\t\t\t<div class=\"elementor-spacer\">\n\t\t\t<div class=\"elementor-spacer-inner\"><\/div>\n\t\t<\/div>\n\t\t\t\t\t\t<\/div>\n\t\t\t\t<\/div>\n\t\t\t\t\t<\/div>\n\t\t\t\t<\/div>\n\t\t\t\t<\/div>\n\t\t\n    <div class=\"xs_social_share_widget xs_share_url after_content \t\tmain_content  wslu-style-1 wslu-share-box-shaped wslu-fill-colored wslu-none wslu-share-horizontal wslu-theme-font-no wslu-main_content\">\n\n\t\t\n        <ul>\n\t\t\t        <\/ul>\n    <\/div>","protected":false},"excerpt":{"rendered":"<p>Alarmes Escolha a melhor op\u00e7\u00e3o de alarmes para a sua resid\u00eancia, empresa ou evento\u2026 Sistema de alarme O Ajax \u00e9 inteligente, fi\u00e1vel e ultra-r\u00e1pido. Reage apenas a perigos reais, n\u00e3o a falsos alarmes. Se alguma coisa acontecer, o Ajax notifica o utilizador num piscar de olhos e ajuda a evitar grandes problemas. Modo de prote\u00e7\u00e3o [&hellip;]<\/p>\n","protected":false},"author":1,"featured_media":0,"parent":0,"menu_order":0,"comment_status":"closed","ping_status":"closed","template":"elementor_header_footer","meta":{"footnotes":""},"class_list":["post-82","page","type-page","status-publish","hentry"],"_links":{"self":[{"href":"https:\/\/micasuseguranca.com\/en\/wp-json\/wp\/v2\/pages\/82","targetHints":{"allow":["GET"]}}],"collection":[{"href":"https:\/\/micasuseguranca.com\/en\/wp-json\/wp\/v2\/pages"}],"about":[{"href":"https:\/\/micasuseguranca.com\/en\/wp-json\/wp\/v2\/types\/page"}],"author":[{"embeddable":true,"href":"https:\/\/micasuseguranca.com\/en\/wp-json\/wp\/v2\/users\/1"}],"replies":[{"embeddable":true,"href":"https:\/\/micasuseguranca.com\/en\/wp-json\/wp\/v2\/comments?post=82"}],"version-history":[{"count":49,"href":"https:\/\/micasuseguranca.com\/en\/wp-json\/wp\/v2\/pages\/82\/revisions"}],"predecessor-version":[{"id":1432,"href":"https:\/\/micasuseguranca.com\/en\/wp-json\/wp\/v2\/pages\/82\/revisions\/1432"}],"wp:attachment":[{"href":"https:\/\/micasuseguranca.com\/en\/wp-json\/wp\/v2\/media?parent=82"}],"curies":[{"name":"wp","href":"https:\/\/api.w.org\/{rel}","templated":true}]}}