{"id":124,"date":"2025-09-02T13:37:47","date_gmt":"2025-09-02T13:37:47","guid":{"rendered":"https:\/\/micasuseguranca.com\/?page_id=124"},"modified":"2026-03-13T12:28:14","modified_gmt":"2026-03-13T12:28:14","slug":"boletim-informativo","status":"publish","type":"page","link":"https:\/\/micasuseguranca.com\/en\/boletim-informativo\/","title":{"rendered":"Boletim informativo"},"content":{"rendered":"<div data-elementor-type=\"wp-page\" data-elementor-id=\"124\" class=\"elementor elementor-124\">\n\t\t\t\t<div class=\"elementor-element elementor-element-6dee9d8f e-flex e-con-boxed jltma-glass-effect-no e-con e-parent\" data-id=\"6dee9d8f\" data-element_type=\"container\" data-e-type=\"container\" data-settings=\"{&quot;background_background&quot;:&quot;classic&quot;}\">\n\t\t\t\t\t<div class=\"e-con-inner\">\n\t\t<div class=\"elementor-element elementor-element-4ed4a14 e-con-full e-flex jltma-glass-effect-no e-con e-child\" data-id=\"4ed4a14\" data-element_type=\"container\" data-e-type=\"container\">\n\t\t\t\t<div class=\"elementor-element elementor-element-186597b6 jltma-glass-effect-no elementor-widget elementor-widget-elementskit-heading\" data-id=\"186597b6\" data-element_type=\"widget\" data-e-type=\"widget\" data-widget_type=\"elementskit-heading.default\">\n\t\t\t\t\t<div class=\"ekit-wid-con\" ><div class=\"ekit-heading elementskit-section-title-wraper text_left   ekit_heading_tablet-   ekit_heading_mobile-\"><h2 class=\"ekit-heading--title elementskit-section-title\">MICASU PROMOVE FORMA\u00c7\u00c3O E APOIO PSICOL\u00d3GICO PARA COLABORADORES<\/h2><\/div><\/div>\t\t\t\t<\/div>\n\t\t\t\t<div class=\"elementor-element elementor-element-6675a477 jltma-glass-effect-no elementor-widget elementor-widget-spacer\" data-id=\"6675a477\" data-element_type=\"widget\" data-e-type=\"widget\" data-widget_type=\"spacer.default\">\n\t\t\t\t\t\t\t<div class=\"elementor-spacer\">\n\t\t\t<div class=\"elementor-spacer-inner\"><\/div>\n\t\t<\/div>\n\t\t\t\t\t\t<\/div>\n\t\t\t\t<div class=\"elementor-element elementor-element-c4ad0d8 jltma-glass-effect-no elementor-widget elementor-widget-text-editor\" data-id=\"c4ad0d8\" data-element_type=\"widget\" data-e-type=\"widget\" data-widget_type=\"text-editor.default\">\n\t\t\t\t\t\t\t\t\t<p data-start=\"116\" data-end=\"325\">No dia 18 de Maio, os colaboradores da Micasu Seguran\u00e7a participaram numa sess\u00e3o de forma\u00e7\u00e3o e assist\u00eancia psicol\u00f3gica conduzida pela Dra. Assm\u00e1 Ar\u00eddas, Psic\u00f3loga Cl\u00ednica Interventiva, Evolutiva e Educacional.<\/p><p data-start=\"327\" data-end=\"553\">Estas sess\u00f5es, que passar\u00e3o a ser realizadas com frequ\u00eancia, fazem parte do compromisso da Micasu Seguran\u00e7a em cuidar de quem protege. Acreditamos que a seguran\u00e7a come\u00e7a pelo equil\u00edbrio mental e emocional de cada profissional.<\/p><p data-start=\"555\" data-end=\"735\">Atrav\u00e9s desta parceria com a Dra. Assm\u00e1 Ar\u00eddas, refor\u00e7amos a nossa miss\u00e3o de garantir n\u00e3o apenas a prote\u00e7\u00e3o externa dos clientes, mas tamb\u00e9m o bem-estar interno dos nossos agentes.<\/p>\t\t\t\t\t\t\t\t<\/div>\n\t\t\t\t<\/div>\n\t\t<div class=\"elementor-element elementor-element-20a35ad6 e-con-full e-flex jltma-glass-effect-no e-con e-child\" data-id=\"20a35ad6\" data-element_type=\"container\" data-e-type=\"container\" data-settings=\"{&quot;background_background&quot;:&quot;classic&quot;}\">\n\t\t\t\t<div class=\"elementor-element elementor-element-94399e6 jltma-glass-effect-no elementor-widget elementor-widget-image-gallery\" data-id=\"94399e6\" data-element_type=\"widget\" data-e-type=\"widget\" data-widget_type=\"image-gallery.default\">\n\t\t\t\t\t\t\t<div class=\"elementor-image-gallery\">\n\t\t\t<div id='gallery-1' class='gallery galleryid-124 gallery-columns-2 gallery-size-full'><figure class='gallery-item'>\n\t\t\t<div class='gallery-icon landscape'>\n\t\t\t\t<a data-elementor-open-lightbox=\"yes\" data-elementor-lightbox-slideshow=\"94399e6\" data-elementor-lightbox-title=\"NDA-0401 (2)\" data-e-action-hash=\"#elementor-action%3Aaction%3Dlightbox%26settings%3DeyJpZCI6ODEyLCJ1cmwiOiJodHRwczpcL1wvbWljYXN1c2VndXJhbmNhLmNvbVwvd3AtY29udGVudFwvdXBsb2Fkc1wvMjAyNVwvMDlcL05EQS0wNDAxLTItc2NhbGVkLmpwZyIsInNsaWRlc2hvdyI6Ijk0Mzk5ZTYifQ%3D%3D\" href='https:\/\/micasuseguranca.com\/wp-content\/uploads\/2025\/09\/NDA-0401-2-scaled.jpg'><img fetchpriority=\"high\" decoding=\"async\" width=\"2560\" height=\"1709\" src=\"https:\/\/micasuseguranca.com\/wp-content\/uploads\/2025\/09\/NDA-0401-2-scaled.jpg\" class=\"attachment-full size-full\" alt=\"\" srcset=\"https:\/\/micasuseguranca.com\/wp-content\/uploads\/2025\/09\/NDA-0401-2-scaled.jpg 2560w, https:\/\/micasuseguranca.com\/wp-content\/uploads\/2025\/09\/NDA-0401-2-300x200.jpg 300w, https:\/\/micasuseguranca.com\/wp-content\/uploads\/2025\/09\/NDA-0401-2-1024x684.jpg 1024w, https:\/\/micasuseguranca.com\/wp-content\/uploads\/2025\/09\/NDA-0401-2-768x513.jpg 768w, https:\/\/micasuseguranca.com\/wp-content\/uploads\/2025\/09\/NDA-0401-2-1536x1025.jpg 1536w, https:\/\/micasuseguranca.com\/wp-content\/uploads\/2025\/09\/NDA-0401-2-2048x1367.jpg 2048w, https:\/\/micasuseguranca.com\/wp-content\/uploads\/2025\/09\/NDA-0401-2-18x12.jpg 18w, https:\/\/micasuseguranca.com\/wp-content\/uploads\/2025\/09\/NDA-0401-2-200x134.jpg 200w\" sizes=\"(max-width: 2560px) 100vw, 2560px\" \/><\/a>\n\t\t\t<\/div><\/figure><figure class='gallery-item'>\n\t\t\t<div class='gallery-icon landscape'>\n\t\t\t\t<a data-elementor-open-lightbox=\"yes\" data-elementor-lightbox-slideshow=\"94399e6\" data-elementor-lightbox-title=\"NDA-0370\" data-e-action-hash=\"#elementor-action%3Aaction%3Dlightbox%26settings%3DeyJpZCI6ODEwLCJ1cmwiOiJodHRwczpcL1wvbWljYXN1c2VndXJhbmNhLmNvbVwvd3AtY29udGVudFwvdXBsb2Fkc1wvMjAyNVwvMDlcL05EQS0wMzcwLXNjYWxlZC5qcGciLCJzbGlkZXNob3ciOiI5NDM5OWU2In0%3D\" href='https:\/\/micasuseguranca.com\/wp-content\/uploads\/2025\/09\/NDA-0370-scaled.jpg'><img decoding=\"async\" width=\"2560\" height=\"1709\" src=\"https:\/\/micasuseguranca.com\/wp-content\/uploads\/2025\/09\/NDA-0370-scaled.jpg\" class=\"attachment-full size-full\" alt=\"\" srcset=\"https:\/\/micasuseguranca.com\/wp-content\/uploads\/2025\/09\/NDA-0370-scaled.jpg 2560w, https:\/\/micasuseguranca.com\/wp-content\/uploads\/2025\/09\/NDA-0370-300x200.jpg 300w, https:\/\/micasuseguranca.com\/wp-content\/uploads\/2025\/09\/NDA-0370-1024x683.jpg 1024w, https:\/\/micasuseguranca.com\/wp-content\/uploads\/2025\/09\/NDA-0370-768x513.jpg 768w, https:\/\/micasuseguranca.com\/wp-content\/uploads\/2025\/09\/NDA-0370-1536x1025.jpg 1536w, https:\/\/micasuseguranca.com\/wp-content\/uploads\/2025\/09\/NDA-0370-2048x1367.jpg 2048w, https:\/\/micasuseguranca.com\/wp-content\/uploads\/2025\/09\/NDA-0370-18x12.jpg 18w, https:\/\/micasuseguranca.com\/wp-content\/uploads\/2025\/09\/NDA-0370-200x133.jpg 200w\" sizes=\"(max-width: 2560px) 100vw, 2560px\" \/><\/a>\n\t\t\t<\/div><\/figure><figure class='gallery-item'>\n\t\t\t<div class='gallery-icon landscape'>\n\t\t\t\t<a data-elementor-open-lightbox=\"yes\" data-elementor-lightbox-slideshow=\"94399e6\" data-elementor-lightbox-title=\"NDA-0365 (1)\" data-e-action-hash=\"#elementor-action%3Aaction%3Dlightbox%26settings%3DeyJpZCI6ODA5LCJ1cmwiOiJodHRwczpcL1wvbWljYXN1c2VndXJhbmNhLmNvbVwvd3AtY29udGVudFwvdXBsb2Fkc1wvMjAyNVwvMDlcL05EQS0wMzY1LTEtc2NhbGVkLmpwZyIsInNsaWRlc2hvdyI6Ijk0Mzk5ZTYifQ%3D%3D\" href='https:\/\/micasuseguranca.com\/wp-content\/uploads\/2025\/09\/NDA-0365-1-scaled.jpg'><img decoding=\"async\" width=\"2560\" height=\"1709\" src=\"https:\/\/micasuseguranca.com\/wp-content\/uploads\/2025\/09\/NDA-0365-1-scaled.jpg\" class=\"attachment-full size-full\" alt=\"\" srcset=\"https:\/\/micasuseguranca.com\/wp-content\/uploads\/2025\/09\/NDA-0365-1-scaled.jpg 2560w, https:\/\/micasuseguranca.com\/wp-content\/uploads\/2025\/09\/NDA-0365-1-300x200.jpg 300w, https:\/\/micasuseguranca.com\/wp-content\/uploads\/2025\/09\/NDA-0365-1-1024x684.jpg 1024w, https:\/\/micasuseguranca.com\/wp-content\/uploads\/2025\/09\/NDA-0365-1-768x513.jpg 768w, https:\/\/micasuseguranca.com\/wp-content\/uploads\/2025\/09\/NDA-0365-1-1536x1025.jpg 1536w, https:\/\/micasuseguranca.com\/wp-content\/uploads\/2025\/09\/NDA-0365-1-2048x1367.jpg 2048w, https:\/\/micasuseguranca.com\/wp-content\/uploads\/2025\/09\/NDA-0365-1-18x12.jpg 18w, https:\/\/micasuseguranca.com\/wp-content\/uploads\/2025\/09\/NDA-0365-1-200x134.jpg 200w\" sizes=\"(max-width: 2560px) 100vw, 2560px\" \/><\/a>\n\t\t\t<\/div><\/figure><figure class='gallery-item'>\n\t\t\t<div class='gallery-icon landscape'>\n\t\t\t\t<a data-elementor-open-lightbox=\"yes\" data-elementor-lightbox-slideshow=\"94399e6\" data-elementor-lightbox-title=\"NDA-0382 (1)\" data-e-action-hash=\"#elementor-action%3Aaction%3Dlightbox%26settings%3DeyJpZCI6ODQ4LCJ1cmwiOiJodHRwczpcL1wvbWljYXN1c2VndXJhbmNhLmNvbVwvd3AtY29udGVudFwvdXBsb2Fkc1wvMjAyNVwvMDlcL05EQS0wMzgyLTEtc2NhbGVkLmpwZyIsInNsaWRlc2hvdyI6Ijk0Mzk5ZTYifQ%3D%3D\" href='https:\/\/micasuseguranca.com\/wp-content\/uploads\/2025\/09\/NDA-0382-1-scaled.jpg'><img loading=\"lazy\" decoding=\"async\" width=\"2560\" height=\"1709\" src=\"https:\/\/micasuseguranca.com\/wp-content\/uploads\/2025\/09\/NDA-0382-1-scaled.jpg\" class=\"attachment-full size-full\" alt=\"\" srcset=\"https:\/\/micasuseguranca.com\/wp-content\/uploads\/2025\/09\/NDA-0382-1-scaled.jpg 2560w, https:\/\/micasuseguranca.com\/wp-content\/uploads\/2025\/09\/NDA-0382-1-300x200.jpg 300w, https:\/\/micasuseguranca.com\/wp-content\/uploads\/2025\/09\/NDA-0382-1-1024x684.jpg 1024w, https:\/\/micasuseguranca.com\/wp-content\/uploads\/2025\/09\/NDA-0382-1-768x513.jpg 768w, https:\/\/micasuseguranca.com\/wp-content\/uploads\/2025\/09\/NDA-0382-1-1536x1025.jpg 1536w, https:\/\/micasuseguranca.com\/wp-content\/uploads\/2025\/09\/NDA-0382-1-2048x1367.jpg 2048w, https:\/\/micasuseguranca.com\/wp-content\/uploads\/2025\/09\/NDA-0382-1-18x12.jpg 18w, https:\/\/micasuseguranca.com\/wp-content\/uploads\/2025\/09\/NDA-0382-1-200x134.jpg 200w\" sizes=\"(max-width: 2560px) 100vw, 2560px\" \/><\/a>\n\t\t\t<\/div><\/figure>\n\t\t<\/div>\n\t\t<\/div>\n\t\t\t\t\t\t<\/div>\n\t\t\t\t<\/div>\n\t\t\t\t\t<\/div>\n\t\t\t\t<\/div>\n\t\t<div class=\"elementor-element elementor-element-e2ee7b5 e-flex e-con-boxed jltma-glass-effect-no e-con e-parent\" data-id=\"e2ee7b5\" data-element_type=\"container\" data-e-type=\"container\" data-settings=\"{&quot;background_background&quot;:&quot;classic&quot;}\">\n\t\t\t\t\t<div class=\"e-con-inner\">\n\t\t<div class=\"elementor-element elementor-element-be59a44 e-con-full e-flex jltma-glass-effect-no e-con e-child\" data-id=\"be59a44\" data-element_type=\"container\" data-e-type=\"container\">\n\t\t<div class=\"elementor-element elementor-element-1e3bfab e-con-full e-flex jltma-glass-effect-no e-con e-child\" data-id=\"1e3bfab\" data-element_type=\"container\" data-e-type=\"container\">\n\t\t\t\t<div class=\"elementor-element elementor-element-de8777b jltma-glass-effect-no elementor-widget elementor-widget-image-gallery\" data-id=\"de8777b\" data-element_type=\"widget\" data-e-type=\"widget\" data-widget_type=\"image-gallery.default\">\n\t\t\t\t\t\t\t<div class=\"elementor-image-gallery\">\n\t\t\t<div id='gallery-2' class='gallery galleryid-124 gallery-columns-2 gallery-size-full'><figure class='gallery-item'>\n\t\t\t<div class='gallery-icon landscape'>\n\t\t\t\t<a data-elementor-open-lightbox=\"yes\" data-elementor-lightbox-slideshow=\"de8777b\" data-elementor-lightbox-title=\"NDA-6535\" data-e-action-hash=\"#elementor-action%3Aaction%3Dlightbox%26settings%3DeyJpZCI6ODMzLCJ1cmwiOiJodHRwczpcL1wvbWljYXN1c2VndXJhbmNhLmNvbVwvd3AtY29udGVudFwvdXBsb2Fkc1wvMjAyNVwvMDlcL05EQS02NTM1LXNjYWxlZC5qcGciLCJzbGlkZXNob3ciOiJkZTg3NzdiIn0%3D\" href='https:\/\/micasuseguranca.com\/wp-content\/uploads\/2025\/09\/NDA-6535-scaled.jpg'><img loading=\"lazy\" decoding=\"async\" width=\"2560\" height=\"1709\" src=\"https:\/\/micasuseguranca.com\/wp-content\/uploads\/2025\/09\/NDA-6535-scaled.jpg\" class=\"attachment-full size-full\" alt=\"\" srcset=\"https:\/\/micasuseguranca.com\/wp-content\/uploads\/2025\/09\/NDA-6535-scaled.jpg 2560w, https:\/\/micasuseguranca.com\/wp-content\/uploads\/2025\/09\/NDA-6535-300x200.jpg 300w, https:\/\/micasuseguranca.com\/wp-content\/uploads\/2025\/09\/NDA-6535-1024x684.jpg 1024w, https:\/\/micasuseguranca.com\/wp-content\/uploads\/2025\/09\/NDA-6535-768x513.jpg 768w, https:\/\/micasuseguranca.com\/wp-content\/uploads\/2025\/09\/NDA-6535-1536x1025.jpg 1536w, https:\/\/micasuseguranca.com\/wp-content\/uploads\/2025\/09\/NDA-6535-2048x1367.jpg 2048w, https:\/\/micasuseguranca.com\/wp-content\/uploads\/2025\/09\/NDA-6535-18x12.jpg 18w, https:\/\/micasuseguranca.com\/wp-content\/uploads\/2025\/09\/NDA-6535-200x134.jpg 200w\" sizes=\"(max-width: 2560px) 100vw, 2560px\" \/><\/a>\n\t\t\t<\/div><\/figure><figure class='gallery-item'>\n\t\t\t<div class='gallery-icon landscape'>\n\t\t\t\t<a data-elementor-open-lightbox=\"yes\" data-elementor-lightbox-slideshow=\"de8777b\" data-elementor-lightbox-title=\"NDA-6680\" data-e-action-hash=\"#elementor-action%3Aaction%3Dlightbox%26settings%3DeyJpZCI6ODQwLCJ1cmwiOiJodHRwczpcL1wvbWljYXN1c2VndXJhbmNhLmNvbVwvd3AtY29udGVudFwvdXBsb2Fkc1wvMjAyNVwvMDlcL05EQS02NjgwLXNjYWxlZC5qcGciLCJzbGlkZXNob3ciOiJkZTg3NzdiIn0%3D\" href='https:\/\/micasuseguranca.com\/wp-content\/uploads\/2025\/09\/NDA-6680-scaled.jpg'><img loading=\"lazy\" decoding=\"async\" width=\"2560\" height=\"1709\" src=\"https:\/\/micasuseguranca.com\/wp-content\/uploads\/2025\/09\/NDA-6680-scaled.jpg\" class=\"attachment-full size-full\" alt=\"\" srcset=\"https:\/\/micasuseguranca.com\/wp-content\/uploads\/2025\/09\/NDA-6680-scaled.jpg 2560w, https:\/\/micasuseguranca.com\/wp-content\/uploads\/2025\/09\/NDA-6680-300x200.jpg 300w, https:\/\/micasuseguranca.com\/wp-content\/uploads\/2025\/09\/NDA-6680-1024x684.jpg 1024w, https:\/\/micasuseguranca.com\/wp-content\/uploads\/2025\/09\/NDA-6680-768x513.jpg 768w, https:\/\/micasuseguranca.com\/wp-content\/uploads\/2025\/09\/NDA-6680-1536x1025.jpg 1536w, https:\/\/micasuseguranca.com\/wp-content\/uploads\/2025\/09\/NDA-6680-2048x1367.jpg 2048w, https:\/\/micasuseguranca.com\/wp-content\/uploads\/2025\/09\/NDA-6680-18x12.jpg 18w, https:\/\/micasuseguranca.com\/wp-content\/uploads\/2025\/09\/NDA-6680-200x134.jpg 200w\" sizes=\"(max-width: 2560px) 100vw, 2560px\" \/><\/a>\n\t\t\t<\/div><\/figure><figure class='gallery-item'>\n\t\t\t<div class='gallery-icon landscape'>\n\t\t\t\t<a data-elementor-open-lightbox=\"yes\" data-elementor-lightbox-slideshow=\"de8777b\" data-elementor-lightbox-title=\"NDA-6635\" data-e-action-hash=\"#elementor-action%3Aaction%3Dlightbox%26settings%3DeyJpZCI6ODM4LCJ1cmwiOiJodHRwczpcL1wvbWljYXN1c2VndXJhbmNhLmNvbVwvd3AtY29udGVudFwvdXBsb2Fkc1wvMjAyNVwvMDlcL05EQS02NjM1LXNjYWxlZC5qcGciLCJzbGlkZXNob3ciOiJkZTg3NzdiIn0%3D\" href='https:\/\/micasuseguranca.com\/wp-content\/uploads\/2025\/09\/NDA-6635-scaled.jpg'><img loading=\"lazy\" decoding=\"async\" width=\"2560\" height=\"1709\" src=\"https:\/\/micasuseguranca.com\/wp-content\/uploads\/2025\/09\/NDA-6635-scaled.jpg\" class=\"attachment-full size-full\" alt=\"\" srcset=\"https:\/\/micasuseguranca.com\/wp-content\/uploads\/2025\/09\/NDA-6635-scaled.jpg 2560w, https:\/\/micasuseguranca.com\/wp-content\/uploads\/2025\/09\/NDA-6635-300x200.jpg 300w, https:\/\/micasuseguranca.com\/wp-content\/uploads\/2025\/09\/NDA-6635-1024x684.jpg 1024w, https:\/\/micasuseguranca.com\/wp-content\/uploads\/2025\/09\/NDA-6635-768x513.jpg 768w, https:\/\/micasuseguranca.com\/wp-content\/uploads\/2025\/09\/NDA-6635-1536x1025.jpg 1536w, https:\/\/micasuseguranca.com\/wp-content\/uploads\/2025\/09\/NDA-6635-2048x1367.jpg 2048w, https:\/\/micasuseguranca.com\/wp-content\/uploads\/2025\/09\/NDA-6635-18x12.jpg 18w, https:\/\/micasuseguranca.com\/wp-content\/uploads\/2025\/09\/NDA-6635-200x134.jpg 200w\" sizes=\"(max-width: 2560px) 100vw, 2560px\" \/><\/a>\n\t\t\t<\/div><\/figure><figure class='gallery-item'>\n\t\t\t<div class='gallery-icon landscape'>\n\t\t\t\t<a data-elementor-open-lightbox=\"yes\" data-elementor-lightbox-slideshow=\"de8777b\" data-elementor-lightbox-title=\"NDA-6599\" data-e-action-hash=\"#elementor-action%3Aaction%3Dlightbox%26settings%3DeyJpZCI6ODM2LCJ1cmwiOiJodHRwczpcL1wvbWljYXN1c2VndXJhbmNhLmNvbVwvd3AtY29udGVudFwvdXBsb2Fkc1wvMjAyNVwvMDlcL05EQS02NTk5LXNjYWxlZC5qcGciLCJzbGlkZXNob3ciOiJkZTg3NzdiIn0%3D\" href='https:\/\/micasuseguranca.com\/wp-content\/uploads\/2025\/09\/NDA-6599-scaled.jpg'><img loading=\"lazy\" decoding=\"async\" width=\"2560\" height=\"1709\" src=\"https:\/\/micasuseguranca.com\/wp-content\/uploads\/2025\/09\/NDA-6599-scaled.jpg\" class=\"attachment-full size-full\" alt=\"\" srcset=\"https:\/\/micasuseguranca.com\/wp-content\/uploads\/2025\/09\/NDA-6599-scaled.jpg 2560w, https:\/\/micasuseguranca.com\/wp-content\/uploads\/2025\/09\/NDA-6599-300x200.jpg 300w, https:\/\/micasuseguranca.com\/wp-content\/uploads\/2025\/09\/NDA-6599-1024x684.jpg 1024w, https:\/\/micasuseguranca.com\/wp-content\/uploads\/2025\/09\/NDA-6599-768x513.jpg 768w, https:\/\/micasuseguranca.com\/wp-content\/uploads\/2025\/09\/NDA-6599-1536x1025.jpg 1536w, https:\/\/micasuseguranca.com\/wp-content\/uploads\/2025\/09\/NDA-6599-2048x1367.jpg 2048w, https:\/\/micasuseguranca.com\/wp-content\/uploads\/2025\/09\/NDA-6599-18x12.jpg 18w, https:\/\/micasuseguranca.com\/wp-content\/uploads\/2025\/09\/NDA-6599-200x134.jpg 200w\" sizes=\"(max-width: 2560px) 100vw, 2560px\" \/><\/a>\n\t\t\t<\/div><\/figure>\n\t\t<\/div>\n\t\t<\/div>\n\t\t\t\t\t\t<\/div>\n\t\t\t\t<\/div>\n\t\t\t\t<\/div>\n\t\t<div class=\"elementor-element elementor-element-9e3e37f e-con-full e-flex jltma-glass-effect-no e-con e-child\" data-id=\"9e3e37f\" data-element_type=\"container\" data-e-type=\"container\" data-settings=\"{&quot;background_background&quot;:&quot;classic&quot;}\">\n\t\t\t\t<div class=\"elementor-element elementor-element-26a4c82 jltma-glass-effect-no elementor-widget elementor-widget-elementskit-heading\" data-id=\"26a4c82\" data-element_type=\"widget\" data-e-type=\"widget\" data-widget_type=\"elementskit-heading.default\">\n\t\t\t\t\t<div class=\"ekit-wid-con\" ><div class=\"ekit-heading elementskit-section-title-wraper text_left   ekit_heading_tablet-   ekit_heading_mobile-\"><h2 class=\"ekit-heading--title elementskit-section-title\">Micasu Seguran\u00e7a apoia o desporto e a juventude<\/h2><\/div><\/div>\t\t\t\t<\/div>\n\t\t\t\t<div class=\"elementor-element elementor-element-67855c8 jltma-glass-effect-no elementor-widget elementor-widget-text-editor\" data-id=\"67855c8\" data-element_type=\"widget\" data-e-type=\"widget\" data-widget_type=\"text-editor.default\">\n\t\t\t\t\t\t\t\t\t<p>A Micasu Seguran\u00e7a foi Patrocinadora Oficial do Torneio Beneficente de T\u00e9nis, realizado em 14 de junho de 2025, refor\u00e7ando o seu compromisso com o desenvolvimento social e o incentivo a atividades desportivas em Mo\u00e7ambique.<\/p><p>O torneio foi organizado pelo GTM, fundado em 2017 e composto por 37 membros, com o objetivo de promover o t\u00e9nis entre profissionais com mais de 35 anos, praticando nas primeiras horas da manh\u00e3 antes das suas atividades profissionais.<\/p><p>A iniciativa contou ainda com o apoio do Clube de T\u00e9nis de Maputo, com mais de 100 anos de hist\u00f3ria na promo\u00e7\u00e3o do t\u00e9nis. Com o patroc\u00ednio da Micasu Seguran\u00e7a, o evento destacou o desporto como ferramenta de integra\u00e7\u00e3o social, sa\u00fade e incentivo \u00e0 participa\u00e7\u00e3o da comunidade.<\/p>\t\t\t\t\t\t\t\t<\/div>\n\t\t\t\t<\/div>\n\t\t\t\t\t<\/div>\n\t\t\t\t<\/div>\n\t\t\t\t<\/div>\n\t\t\n    <div class=\"xs_social_share_widget xs_share_url after_content \t\tmain_content  wslu-style-1 wslu-share-box-shaped wslu-fill-colored wslu-none wslu-share-horizontal wslu-theme-font-no wslu-main_content\">\n\n\t\t\n        <ul>\n\t\t\t        <\/ul>\n    <\/div>","protected":false},"excerpt":{"rendered":"<p>MICASU PROMOVE FORMA\u00c7\u00c3O E APOIO PSICOL\u00d3GICO PARA COLABORADORES No dia 18 de Maio, os colaboradores da Micasu Seguran\u00e7a participaram numa sess\u00e3o de forma\u00e7\u00e3o e assist\u00eancia psicol\u00f3gica conduzida pela Dra. Assm\u00e1 Ar\u00eddas, Psic\u00f3loga Cl\u00ednica Interventiva, Evolutiva e Educacional. Estas sess\u00f5es, que passar\u00e3o a ser realizadas com frequ\u00eancia, fazem parte do compromisso da Micasu Seguran\u00e7a em cuidar [&hellip;]<\/p>\n","protected":false},"author":1,"featured_media":0,"parent":0,"menu_order":0,"comment_status":"closed","ping_status":"closed","template":"elementor_header_footer","meta":{"footnotes":""},"class_list":["post-124","page","type-page","status-publish","hentry"],"_links":{"self":[{"href":"https:\/\/micasuseguranca.com\/en\/wp-json\/wp\/v2\/pages\/124","targetHints":{"allow":["GET"]}}],"collection":[{"href":"https:\/\/micasuseguranca.com\/en\/wp-json\/wp\/v2\/pages"}],"about":[{"href":"https:\/\/micasuseguranca.com\/en\/wp-json\/wp\/v2\/types\/page"}],"author":[{"embeddable":true,"href":"https:\/\/micasuseguranca.com\/en\/wp-json\/wp\/v2\/users\/1"}],"replies":[{"embeddable":true,"href":"https:\/\/micasuseguranca.com\/en\/wp-json\/wp\/v2\/comments?post=124"}],"version-history":[{"count":52,"href":"https:\/\/micasuseguranca.com\/en\/wp-json\/wp\/v2\/pages\/124\/revisions"}],"predecessor-version":[{"id":1520,"href":"https:\/\/micasuseguranca.com\/en\/wp-json\/wp\/v2\/pages\/124\/revisions\/1520"}],"wp:attachment":[{"href":"https:\/\/micasuseguranca.com\/en\/wp-json\/wp\/v2\/media?parent=124"}],"curies":[{"name":"wp","href":"https:\/\/api.w.org\/{rel}","templated":true}]}}